{"id":5204,"date":"2022-01-19T10:57:26","date_gmt":"2022-01-19T10:57:26","guid":{"rendered":"https:\/\/www.ostseecup.com\/?page_id=5204"},"modified":"2025-12-05T15:43:51","modified_gmt":"2025-12-05T15:43:51","slug":"datenschutz","status":"publish","type":"page","link":"https:\/\/www.germanfootballfestival.com\/pl\/datenschutz\/","title":{"rendered":"Polityka prywatno\u015bci"},"content":{"rendered":"<div data-elementor-type=\"wp-page\" data-elementor-id=\"5204\" class=\"elementor elementor-5204\" data-elementor-post-type=\"page\">\n\t\t\t\t\t\t<section class=\"elementor-section elementor-top-section elementor-element elementor-element-ac7265d elementor-section-boxed elementor-section-height-default elementor-section-height-default\" data-id=\"ac7265d\" data-element_type=\"section\" data-settings=\"{&quot;jet_parallax_layout_list&quot;:[{&quot;jet_parallax_layout_image&quot;:{&quot;url&quot;:&quot;&quot;,&quot;id&quot;:&quot;&quot;,&quot;size&quot;:&quot;&quot;},&quot;_id&quot;:&quot;d36a454&quot;,&quot;jet_parallax_layout_image_tablet&quot;:{&quot;url&quot;:&quot;&quot;,&quot;id&quot;:&quot;&quot;,&quot;size&quot;:&quot;&quot;},&quot;jet_parallax_layout_image_mobile&quot;:{&quot;url&quot;:&quot;&quot;,&quot;id&quot;:&quot;&quot;,&quot;size&quot;:&quot;&quot;},&quot;jet_parallax_layout_speed&quot;:{&quot;unit&quot;:&quot;%&quot;,&quot;size&quot;:50,&quot;sizes&quot;:[]},&quot;jet_parallax_layout_type&quot;:&quot;scroll&quot;,&quot;jet_parallax_layout_direction&quot;:&quot;1&quot;,&quot;jet_parallax_layout_fx_direction&quot;:null,&quot;jet_parallax_layout_z_index&quot;:&quot;&quot;,&quot;jet_parallax_layout_bg_x&quot;:50,&quot;jet_parallax_layout_bg_x_tablet&quot;:&quot;&quot;,&quot;jet_parallax_layout_bg_x_mobile&quot;:&quot;&quot;,&quot;jet_parallax_layout_bg_y&quot;:50,&quot;jet_parallax_layout_bg_y_tablet&quot;:&quot;&quot;,&quot;jet_parallax_layout_bg_y_mobile&quot;:&quot;&quot;,&quot;jet_parallax_layout_bg_size&quot;:&quot;auto&quot;,&quot;jet_parallax_layout_bg_size_tablet&quot;:&quot;&quot;,&quot;jet_parallax_layout_bg_size_mobile&quot;:&quot;&quot;,&quot;jet_parallax_layout_animation_prop&quot;:&quot;transform&quot;,&quot;jet_parallax_layout_on&quot;:[&quot;desktop&quot;,&quot;tablet&quot;]}],&quot;background_background&quot;:&quot;classic&quot;}\">\n\t\t\t\t\t\t<div class=\"elementor-container elementor-column-gap-default\">\n\t\t\t\t\t<div class=\"elementor-column elementor-col-100 elementor-top-column elementor-element elementor-element-e5425d2\" data-id=\"e5425d2\" data-element_type=\"column\" data-settings=\"{&quot;background_background&quot;:&quot;classic&quot;}\">\n\t\t\t<div class=\"elementor-widget-wrap elementor-element-populated\">\n\t\t\t\t\t\t<div class=\"elementor-element elementor-element-11dfd8e elementor-widget elementor-widget-heading\" data-id=\"11dfd8e\" data-element_type=\"widget\" data-widget_type=\"heading.default\">\n\t\t\t\t<div class=\"elementor-widget-container\">\n\t\t\t\t\t<h1 class=\"elementor-heading-title elementor-size-default\">Polityka prywatno\u015bci<\/h1>\t\t\t\t<\/div>\n\t\t\t\t<\/div>\n\t\t\t\t<div class=\"elementor-element elementor-element-b8a7ed0 elementor-widget-divider--view-line elementor-widget elementor-widget-divider\" data-id=\"b8a7ed0\" data-element_type=\"widget\" data-widget_type=\"divider.default\">\n\t\t\t\t<div class=\"elementor-widget-container\">\n\t\t\t\t\t\t\t<div class=\"elementor-divider\">\n\t\t\t<span class=\"elementor-divider-separator\">\n\t\t\t\t\t\t<\/span>\n\t\t<\/div>\n\t\t\t\t\t\t<\/div>\n\t\t\t\t<\/div>\n\t\t\t\t<div class=\"elementor-element elementor-element-0516ef4 elementor-widget elementor-widget-text-editor\" data-id=\"0516ef4\" data-element_type=\"widget\" data-widget_type=\"text-editor.default\">\n\t\t\t\t<div class=\"elementor-widget-container\">\n\t\t\t\t\t\t\t\t\t<p><strong>1. organ odpowiedzialny<\/strong><\/p><p>BALLFREUNDE GmbH<br \/>Dyrektor zarz\u0105dzaj\u0105cy: Fabian Ziethmann<\/p><p>Le\u015bna \u015bcie\u017cka 13<br \/>21465 Wentorf<\/p><p>Tel.: +49 (0) 40 55895037<br \/>E-mail: info@ballfreunde.com<\/p><p><strong>2. gromadzenie, przetwarzanie i wykorzystywanie danych osobowych<\/strong><\/p><p><strong>2.1 Dane osobowe<\/strong><\/p><p>Dane osobowe to informacje o okoliczno\u015bciach faktycznych lub osobistych konkretnej lub mo\u017cliwej do zidentyfikowania osoby fizycznej. Obejmuje to na przyk\u0142ad imi\u0119 i nazwisko, numer telefonu, adres i wszystkie dane, kt\u00f3re u\u017cytkownik przekazuje nam w kontek\u015bcie uczestnictwa w naszych wydarzeniach.<\/p><p>Zagregowane dane, kt\u00f3re gromadzimy, na przyk\u0142ad podczas odwiedzania naszej strony internetowej lub w formie zlicze\u0144 podczas wydarze\u0144 na miejscu, i kt\u00f3rych nie mo\u017cna bezpo\u015brednio powi\u0105za\u0107 z u\u017cytkownikiem, nie s\u0105 obj\u0119te niniejszymi warunkami.<\/p><p><strong>2.2 Gromadzenie, przetwarzanie i wykorzystywanie danych osobowych<\/strong><\/p><p>Gromadzimy, przechowujemy i przetwarzamy dane u\u017cytkownika w celu zapewnienia mu wsparcia w okresie poprzedzaj\u0105cym udzia\u0142 w naszych wydarzeniach oraz w trakcie ich trwania, w tym w zwi\u0105zku z wszelkimi p\u00f3\u017aniejszymi gwarancjami, na potrzeby naszych us\u0142ug, administracji technicznej i naszych w\u0142asnych cel\u00f3w marketingowych. Dane osobowe u\u017cytkownika b\u0119d\u0105 przekazywane lub w inny spos\u00f3b przekazywane stronom trzecim tylko wtedy, gdy jest to konieczne do cel\u00f3w przetwarzania umowy lub rozlicze\u0144, lub gdy u\u017cytkownik wyrazi\u0142 na to uprzedni\u0105 zgod\u0119 (na przyk\u0142ad, musimy przekaza\u0107 imi\u0119 i nazwisko u\u017cytkownika hotelowi lub linii lotniczej, je\u015bli u\u017cytkownik zarezerwowa\u0142 zakwaterowanie lub us\u0142ug\u0119 transportow\u0105 za naszym po\u015brednictwem, ale firma trzecia \u015bwiadczy odpowiedni\u0105 us\u0142ug\u0119). Na przyk\u0142ad w kontek\u015bcie organizowanych przez nas wydarze\u0144 us\u0142ugodawcy, z kt\u00f3rych us\u0142ug korzystamy, otrzymuj\u0105 dane niezb\u0119dne do przetwarzania zam\u00f3wie\u0144. Przekazane w ten spos\u00f3b dane mog\u0105 by\u0107 wykorzystywane wy\u0142\u0105cznie przez naszych us\u0142ugodawc\u00f3w w celu realizacji ich zada\u0144. Jakiekolwiek inne wykorzystanie informacji jest niedozwolone i nie ma miejsca u \u017cadnego z powierzonych przez nas us\u0142ugodawc\u00f3w. Dane osobowe u\u017cytkownika zostan\u0105 usuni\u0119te, je\u015bli nie stoi to w sprzeczno\u015bci z ustawowymi obowi\u0105zkami w zakresie przechowywania danych i je\u015bli u\u017cytkownik zg\u0142osi\u0142 roszczenie o usuni\u0119cie danych, je\u015bli dane nie s\u0105 ju\u017c potrzebne do realizacji celu, dla kt\u00f3rego by\u0142y przechowywane lub je\u015bli ich przechowywanie jest niedopuszczalne z innych przyczyn prawnych.<\/p><p><strong>2.3 Reklama za po\u015brednictwem poczty elektronicznej<\/strong><\/p><p>Uczestnicy naszych wydarze\u0144 b\u0119d\u0105 otrzymywa\u0107 rekomendacje i informacje o przysz\u0142ych wydarzeniach po zako\u0144czeniu udzia\u0142u. Otrzymasz od nas te rekomendacje automatycznie. W ten spos\u00f3b chcemy przesy\u0142a\u0107 informacje o naszej ofercie, kt\u00f3re mog\u0105 zainteresowa\u0107 u\u017cytkownika na podstawie jego udzia\u0142u w poprzednich wydarzeniach. W ten spos\u00f3b \u015bci\u015ble przestrzegamy wymog\u00f3w prawnych. Je\u015bli u\u017cytkownik nie chce ju\u017c otrzymywa\u0107 od nas rekomendacji lub wiadomo\u015bci promocyjnych, mo\u017ce w ka\u017cdej chwili wyrazi\u0107 sprzeciw. W tym celu wystarczy wys\u0142a\u0107 wiadomo\u015b\u0107 tekstow\u0105 na dane kontaktowe wymienione w punkcie 1 (np. e-mail, faks, list). Oczywi\u015bcie link do rezygnacji z subskrypcji znajduje si\u0119 r\u00f3wnie\u017c w ka\u017cdej wiadomo\u015bci e-mail.<\/p><p><strong>3. pliki dziennika<\/strong><\/p><p>Za ka\u017cdym razem, gdy nasze strony internetowe s\u0105 dost\u0119pne, dane dotycz\u0105ce u\u017cytkowania s\u0105 przesy\u0142ane przez odpowiedni\u0105 przegl\u0105dark\u0119 internetow\u0105 i przechowywane w plikach dziennika, tak zwanych plikach dziennika serwera. Przechowywane rekordy danych zawieraj\u0105 nast\u0119puj\u0105ce dane: Data i godzina dost\u0119pu, nazwa strony, do kt\u00f3rej uzyskano dost\u0119p, adres IP, adres URL odsy\u0142acza (adres URL pochodzenia, z kt\u00f3rego u\u017cytkownik wszed\u0142 na strony internetowe), ilo\u015b\u0107 przes\u0142anych danych, a tak\u017ce numer produktu i wersji u\u017cywanej przegl\u0105darki. Adresy IP u\u017cytkownik\u00f3w s\u0105 usuwane lub anonimizowane po 30 dniach. W przypadku anonimizacji adresy IP s\u0105 zmieniane w taki spos\u00f3b, \u017ce poszczeg\u00f3lne szczeg\u00f3\u0142y dotycz\u0105ce okoliczno\u015bci osobistych lub faktycznych nie mog\u0105 by\u0107 ju\u017c przypisane do konkretnej lub mo\u017cliwej do zidentyfikowania osoby fizycznej lub mog\u0105 by\u0107 przypisane do takiej osoby jedynie przy nieproporcjonalnie du\u017cym nak\u0142adzie czasu, koszt\u00f3w i pracy. Oceniamy te rekordy danych pliku dziennika w formie zanonimizowanej w celu dalszego ulepszania naszej obecno\u015bci w Internecie i szybszego znajdowania b\u0142\u0119d\u00f3w technicznych.<\/p><p><strong>4) Google Analytics<\/strong><\/p><p>Niniejsza strona internetowa korzysta z Google Analytics, us\u0142ugi analizy ogl\u0105dalno\u015bci stron internetowych udost\u0119pnianej przez Google, Inc (\"Google\"). Google Analytics wykorzystuje pliki \"cookie\", kt\u00f3re s\u0105 plikami tekstowymi umieszczanymi na komputerze u\u017cytkownika w celu umo\u017cliwienia witrynie przeanalizowania sposobu, w jaki u\u017cytkownicy z niej korzystaj\u0105. Informacje generowane przez pliki cookie na temat korzystania z tej witryny s\u0105 zazwyczaj przesy\u0142ane na serwer Google w USA i tam przechowywane. W przypadku aktywacji anonimizacji IP na tej stronie internetowej, adres IP u\u017cytkownika zostanie jednak wcze\u015bniej skr\u00f3cony przez Google w pa\u0144stwach cz\u0142onkowskich Unii Europejskiej lub w innych umawiaj\u0105cych si\u0119 pa\u0144stwach Porozumienia o Europejskim Obszarze Gospodarczym. Tylko w wyj\u0105tkowych przypadkach pe\u0142ny adres IP zostanie przes\u0142any na serwer Google w USA i tam skr\u00f3cony. W imieniu operatora tej witryny Google wykorzysta te informacje w celu oceny korzystania z witryny przez u\u017cytkownika, tworzenia raport\u00f3w dotycz\u0105cych aktywno\u015bci na stronie oraz \u015bwiadczenia innych us\u0142ug zwi\u0105zanych z aktywno\u015bci\u0105 na stronie i korzystaniem z Internetu na rzecz operatora witryny. Adres IP przes\u0142any przez przegl\u0105dark\u0119 u\u017cytkownika w ramach Google Analytics nie zostanie po\u0142\u0105czony z innymi danymi Google. U\u017cytkownik mo\u017ce odm\u00f3wi\u0107 korzystania z plik\u00f3w cookie, wybieraj\u0105c odpowiednie ustawienia w przegl\u0105darce, jednak nale\u017cy pami\u0119ta\u0107, \u017ce w takim przypadku korzystanie z pe\u0142nej funkcjonalno\u015bci tej witryny mo\u017ce nie by\u0107 mo\u017cliwe.<\/p><p>U\u017cytkownik mo\u017ce r\u00f3wnie\u017c zapobiec gromadzeniu przez Google danych generowanych przez pliki cookie i zwi\u0105zanych z korzystaniem przez niego ze strony internetowej (w tym adresu IP) oraz przetwarzaniu tych danych przez Google, pobieraj\u0105c i instaluj\u0105c wtyczk\u0119 do przegl\u0105darki dost\u0119pn\u0105 pod nast\u0119puj\u0105cym linkiem: http:\/\/tools.google.com\/dlpage\/gaoptout?hl=de.<\/p><p>Korzystaj\u0105c z witryny mannschaftsausfahrt.de, u\u017cytkownik wyra\u017ca zgod\u0119 na przetwarzanie jego danych przez Google w spos\u00f3b i w celach okre\u015blonych powy\u017cej.<\/p><p>Je\u015bli u\u017cytkownik nie chce, aby informacje o jego wizycie na stronie internetowej by\u0142y przekazywane do Google Analytics, mo\u017ce zainstalowa\u0107 \"dodatek dezaktywuj\u0105cy\" dla swojej przegl\u0105darki. Dodatek ten mo\u017cna pobra\u0107 ze strony http:\/\/tools.google.com\/dlpage\/gaoptout?hl=de. Nale\u017cy jednak pami\u0119ta\u0107, \u017ce jest on obecnie dost\u0119pny tylko dla przegl\u0105darek Microsoft Internet Explorer, Google Chrome, Mozilla Firefox, Apple Safari i Opera.<\/p><p>Bez wyra\u017anej zgody u\u017cytkownika nie b\u0119dziemy wykorzystywa\u0107 narz\u0119dzi \u015bledz\u0105cych do gromadzenia niezauwa\u017conych danych osobowych u\u017cytkownika, przekazywania takich danych zewn\u0119trznym dostawcom i platformom marketingowym ani \u0142\u0105czenia tych danych z danymi osobowymi u\u017cytkownika (imi\u0119 i nazwisko, adres itp.).<\/p><p data-path-to-node=\"5\"><strong>5. korzystanie z czatu WhatsApp na stronie internetowej<\/strong><\/p><p data-path-to-node=\"3\">Aby zaoferowa\u0107 u\u017cytkownikowi szybki i bezpo\u015bredni kana\u0142 komunikacji, mo\u017cemy u\u017cy\u0107 <b>Przycisk czatu WhatsApp<\/b> lub odpowiedniego wid\u017cetu na naszej stronie internetowej. Korzystanie z tej us\u0142ugi wymaga przestrzegania specjalnych przepis\u00f3w o ochronie danych:<\/p><ul data-path-to-node=\"4\"><li><p data-path-to-node=\"4,0,0\">Odpowiedzialny dostawca us\u0142ug: Us\u0142uga WhatsApp jest oferowana przez Meta Platforms, Inc. (dawniej Facebook Inc.) w USA. Polityka prywatno\u015bci Meta ma zastosowanie do korzystania z us\u0142ugi.<\/p><\/li><li><p data-path-to-node=\"4,1,0\">Transmisja danych: Po klikni\u0119ciu przycisku WhatsApp na naszej stronie internetowej i rozpocz\u0119ciu czatu nawi\u0105zywane jest po\u0142\u0105czenie z serwerami Meta\/WhatsApp. Dane osobowe mog\u0105 by\u0107 przesy\u0142ane do Meta w ramach tego procesu, w szczeg\u00f3lno\u015bci<\/p><ul data-path-to-node=\"4,1,1\"><li><p data-path-to-node=\"4,1,1,0,0\">Tw\u00f3j numer telefonu i odpowiadaj\u0105cy mu identyfikator WhatsApp ID.<\/p><\/li><li><p data-path-to-node=\"4,1,1,1,0\">Tre\u015b\u0107 wysy\u0142anych wiadomo\u015bci.<\/p><\/li><li><p data-path-to-node=\"4,1,1,2,0\">Dane techniczne (np. czas czatu, typ urz\u0105dzenia).<\/p><\/li><\/ul><\/li><li><p data-path-to-node=\"4,2,0\">Przetwarzanie przez BALLFREUNDE: Informacje przesy\u0142ane do nas za po\u015brednictwem czatu WhatsApp (np. imi\u0119 i nazwisko, zapytanie, dane kontaktowe) b\u0119d\u0105 wykorzystywane i przetwarzane przez nas wy\u0142\u0105cznie w celu przetworzenia zapytania lub realizacji umowy (rejestracja na wydarzenia).<\/p><\/li><li><p data-path-to-node=\"4,3,0\">Podstawa prawna: Korzystanie z czatu WhatsApp jest dobrowolne i opiera si\u0119 na wyra\u017anej zgodzie u\u017cytkownika (art. 6 ust. 1 lit. a RODO), kt\u00f3r\u0105 u\u017cytkownik wyra\u017ca poprzez aktywne rozpocz\u0119cie czatu.<\/p><\/li><li><p data-path-to-node=\"4,4,0\">Kontrola u\u017cytkownika: Je\u015bli u\u017cytkownik chce zapobiec przekazywaniu danych do Meta\/WhatsApp, powinien skorzysta\u0107 z alternatywnych opcji kontaktu (np. e-mail lub telefon, patrz sekcja 1). Nale\u017cy pami\u0119ta\u0107, \u017ce jako firma ameryka\u0144ska Meta\/WhatsApp przetwarza dane poza zakresem RODO.<\/p><\/li><\/ul><p data-path-to-node=\"5\"><b>Uwaga:<\/b> Nie mamy wp\u0142ywu na gromadzenie i dalsze przetwarzanie danych przez Meta\/WhatsApp. Zalecamy zapoznanie si\u0119 z polityk\u0105 prywatno\u015bci Meta\/WhatsApp przed rozpocz\u0119ciem korzystania z us\u0142ugi.<\/p><p><strong>6. prawa do informacji przys\u0142uguj\u0105ce osobie, kt\u00f3rej dane dotycz\u0105<\/strong><\/p><p>Zgodnie z niemieck\u0105 federaln\u0105 ustaw\u0105 o ochronie danych u\u017cytkownik ma prawo do bezp\u0142atnej informacji o przechowywanych danych oraz, w stosownych przypadkach, prawo do poprawiania, blokowania lub usuwania danych. Bardzo powa\u017cnie traktujemy ochron\u0119 danych u\u017cytkownik\u00f3w. Aby zapewni\u0107, \u017ce dane osobowe nie zostan\u0105 ujawnione osobom trzecim, prosimy o przes\u0142anie wniosku poczt\u0105 elektroniczn\u0105 lub listownie na adres podany w punkcie 1.<\/p>\t\t\t\t\t\t\t\t<\/div>\n\t\t\t\t<\/div>\n\t\t\t\t\t<\/div>\n\t\t<\/div>\n\t\t\t\t\t<\/div>\n\t\t<\/section>\n\t\t\t\t<\/div>","protected":false},"excerpt":{"rendered":"<p>O\u015bwiadczenie o ochronie danych 1. organ odpowiedzialny Ballfreunde GmbHDyrektor zarz\u0105dzaj\u0105cy: Fabian Ziethmann Waldweg 1321465 Wentorf Tel.: +49 (0) 40 55895037E-Mail: info@ballfreunde.com 2. gromadzenie, przetwarzanie i wykorzystywanie danych osobowych 2.1 Dane osobowe Dane osobowe to informacje o okoliczno\u015bciach faktycznych lub osobistych zidentyfikowanej lub mo\u017cliwej do zidentyfikowania osoby fizycznej. Obejmuje to na przyk\u0142ad imi\u0119 i nazwisko, numer telefonu, adres i wszystkie dane, kt\u00f3re [...]<\/p>","protected":false},"author":3,"featured_media":0,"parent":0,"menu_order":0,"comment_status":"closed","ping_status":"closed","template":"elementor_header_footer","meta":{"footnotes":""},"class_list":["post-5204","page","type-page","status-publish","hentry"],"yoast_head":"<!-- This site is optimized with the Yoast SEO plugin v26.2 - https:\/\/yoast.com\/wordpress\/plugins\/seo\/ -->\n<title>Datenschutzerkl\u00e4rung - germanfootballfestival.com<\/title>\n<meta name=\"robots\" content=\"index, follow, max-snippet:-1, max-image-preview:large, max-video-preview:-1\" \/>\n<link rel=\"canonical\" href=\"https:\/\/www.germanfootballfestival.com\/pl\/datenschutz\/\" \/>\n<meta property=\"og:locale\" content=\"pl_PL\" \/>\n<meta property=\"og:type\" content=\"article\" \/>\n<meta property=\"og:title\" content=\"Datenschutzerkl\u00e4rung - germanfootballfestival.com\" \/>\n<meta property=\"og:description\" content=\"Datenschutzerkl\u00e4rung 1. Verantwortliche Stelle BALLFREUNDE GmbHGesch\u00e4ftsf\u00fchrer: Fabian Ziethmann Waldweg 1321465 Wentorf Tel.: +49 (0) 40 55895037E-Mail: info@ballfreunde.com 2. Erhebung, Verarbeitung und Nutzung personenbezogener Daten 2.1 Personenbezogene Daten Personenbezogene Daten sind Angaben \u00fcber sachliche oder pers\u00f6nliche Verh\u00e4ltnisse einer bestimmten oder bestimmbaren nat\u00fcrlichen Person. Hierunter fallen beispielsweise Name, Telefonnummer, Anschrift sowie s\u00e4mtliche Daten, welche Sie uns im [&hellip;]\" \/>\n<meta property=\"og:url\" content=\"https:\/\/www.germanfootballfestival.com\/pl\/datenschutz\/\" \/>\n<meta property=\"og:site_name\" content=\"germanfootballfestival.com\" \/>\n<meta property=\"article:modified_time\" content=\"2025-12-05T15:43:51+00:00\" \/>\n<meta name=\"twitter:card\" content=\"summary_large_image\" \/>\n<meta name=\"twitter:label1\" content=\"Szacowany czas czytania\" \/>\n\t<meta name=\"twitter:data1\" content=\"6 minut\" \/>\n<script type=\"application\/ld+json\" class=\"yoast-schema-graph\">{\"@context\":\"https:\/\/schema.org\",\"@graph\":[{\"@type\":\"WebPage\",\"@id\":\"https:\/\/www.germanfootballfestival.com\/pl\/datenschutz\/\",\"url\":\"https:\/\/www.germanfootballfestival.com\/pl\/datenschutz\/\",\"name\":\"Datenschutzerkl\u00e4rung - germanfootballfestival.com\",\"isPartOf\":{\"@id\":\"https:\/\/www.germanfootballfestival.com\/#website\"},\"datePublished\":\"2022-01-19T10:57:26+00:00\",\"dateModified\":\"2025-12-05T15:43:51+00:00\",\"breadcrumb\":{\"@id\":\"https:\/\/www.germanfootballfestival.com\/pl\/datenschutz\/#breadcrumb\"},\"inLanguage\":\"pl-PL\",\"potentialAction\":[{\"@type\":\"ReadAction\",\"target\":[\"https:\/\/www.germanfootballfestival.com\/pl\/datenschutz\/\"]}]},{\"@type\":\"BreadcrumbList\",\"@id\":\"https:\/\/www.germanfootballfestival.com\/pl\/datenschutz\/#breadcrumb\",\"itemListElement\":[{\"@type\":\"ListItem\",\"position\":1,\"name\":\"Home\",\"item\":\"https:\/\/www.germanfootballfestival.com\/pl\/\"},{\"@type\":\"ListItem\",\"position\":2,\"name\":\"Datenschutzerkl\u00e4rung\"}]},{\"@type\":\"WebSite\",\"@id\":\"https:\/\/www.germanfootballfestival.com\/#website\",\"url\":\"https:\/\/www.germanfootballfestival.com\/\",\"name\":\"germanfootballfestival.com\",\"description\":\"A fantastic Football tournament in Dresdnen\",\"publisher\":{\"@id\":\"https:\/\/www.germanfootballfestival.com\/#organization\"},\"potentialAction\":[{\"@type\":\"SearchAction\",\"target\":{\"@type\":\"EntryPoint\",\"urlTemplate\":\"https:\/\/www.germanfootballfestival.com\/?s={search_term_string}\"},\"query-input\":{\"@type\":\"PropertyValueSpecification\",\"valueRequired\":true,\"valueName\":\"search_term_string\"}}],\"inLanguage\":\"pl-PL\"},{\"@type\":\"Organization\",\"@id\":\"https:\/\/www.germanfootballfestival.com\/#organization\",\"name\":\"germanfootballfestival.com\",\"url\":\"https:\/\/www.germanfootballfestival.com\/\",\"logo\":{\"@type\":\"ImageObject\",\"inLanguage\":\"pl-PL\",\"@id\":\"https:\/\/www.germanfootballfestival.com\/#\/schema\/logo\/image\/\",\"url\":\"https:\/\/www.germanfootballfestival.com\/wp-content\/uploads\/Logo_ohne_Datum.png\",\"contentUrl\":\"https:\/\/www.germanfootballfestival.com\/wp-content\/uploads\/Logo_ohne_Datum.png\",\"width\":1755,\"height\":1241,\"caption\":\"germanfootballfestival.com\"},\"image\":{\"@id\":\"https:\/\/www.germanfootballfestival.com\/#\/schema\/logo\/image\/\"}}]}<\/script>\n<!-- \/ Yoast SEO plugin. -->","yoast_head_json":{"title":"Datenschutzerkl\u00e4rung - germanfootballfestival.com","robots":{"index":"index","follow":"follow","max-snippet":"max-snippet:-1","max-image-preview":"max-image-preview:large","max-video-preview":"max-video-preview:-1"},"canonical":"https:\/\/www.germanfootballfestival.com\/pl\/datenschutz\/","og_locale":"pl_PL","og_type":"article","og_title":"Datenschutzerkl\u00e4rung - germanfootballfestival.com","og_description":"Datenschutzerkl\u00e4rung 1. Verantwortliche Stelle BALLFREUNDE GmbHGesch\u00e4ftsf\u00fchrer: Fabian Ziethmann Waldweg 1321465 Wentorf Tel.: +49 (0) 40 55895037E-Mail: info@ballfreunde.com 2. Erhebung, Verarbeitung und Nutzung personenbezogener Daten 2.1 Personenbezogene Daten Personenbezogene Daten sind Angaben \u00fcber sachliche oder pers\u00f6nliche Verh\u00e4ltnisse einer bestimmten oder bestimmbaren nat\u00fcrlichen Person. Hierunter fallen beispielsweise Name, Telefonnummer, Anschrift sowie s\u00e4mtliche Daten, welche Sie uns im [&hellip;]","og_url":"https:\/\/www.germanfootballfestival.com\/pl\/datenschutz\/","og_site_name":"germanfootballfestival.com","article_modified_time":"2025-12-05T15:43:51+00:00","twitter_card":"summary_large_image","twitter_misc":{"Szacowany czas czytania":"6 minut"},"schema":{"@context":"https:\/\/schema.org","@graph":[{"@type":"WebPage","@id":"https:\/\/www.germanfootballfestival.com\/pl\/datenschutz\/","url":"https:\/\/www.germanfootballfestival.com\/pl\/datenschutz\/","name":"Datenschutzerkl\u00e4rung - germanfootballfestival.com","isPartOf":{"@id":"https:\/\/www.germanfootballfestival.com\/#website"},"datePublished":"2022-01-19T10:57:26+00:00","dateModified":"2025-12-05T15:43:51+00:00","breadcrumb":{"@id":"https:\/\/www.germanfootballfestival.com\/pl\/datenschutz\/#breadcrumb"},"inLanguage":"pl-PL","potentialAction":[{"@type":"ReadAction","target":["https:\/\/www.germanfootballfestival.com\/pl\/datenschutz\/"]}]},{"@type":"BreadcrumbList","@id":"https:\/\/www.germanfootballfestival.com\/pl\/datenschutz\/#breadcrumb","itemListElement":[{"@type":"ListItem","position":1,"name":"Home","item":"https:\/\/www.germanfootballfestival.com\/pl\/"},{"@type":"ListItem","position":2,"name":"Datenschutzerkl\u00e4rung"}]},{"@type":"WebSite","@id":"https:\/\/www.germanfootballfestival.com\/#website","url":"https:\/\/www.germanfootballfestival.com\/","name":"germanfootballfestival.com","description":"Fantastyczny turniej pi\u0142karski w Dre\u017anie","publisher":{"@id":"https:\/\/www.germanfootballfestival.com\/#organization"},"potentialAction":[{"@type":"SearchAction","target":{"@type":"EntryPoint","urlTemplate":"https:\/\/www.germanfootballfestival.com\/?s={search_term_string}"},"query-input":{"@type":"PropertyValueSpecification","valueRequired":true,"valueName":"search_term_string"}}],"inLanguage":"pl-PL"},{"@type":"Organization","@id":"https:\/\/www.germanfootballfestival.com\/#organization","name":"germanfootballfestival.com","url":"https:\/\/www.germanfootballfestival.com\/","logo":{"@type":"ImageObject","inLanguage":"pl-PL","@id":"https:\/\/www.germanfootballfestival.com\/#\/schema\/logo\/image\/","url":"https:\/\/www.germanfootballfestival.com\/wp-content\/uploads\/Logo_ohne_Datum.png","contentUrl":"https:\/\/www.germanfootballfestival.com\/wp-content\/uploads\/Logo_ohne_Datum.png","width":1755,"height":1241,"caption":"germanfootballfestival.com"},"image":{"@id":"https:\/\/www.germanfootballfestival.com\/#\/schema\/logo\/image\/"}}]}},"_links":{"self":[{"href":"https:\/\/www.germanfootballfestival.com\/pl\/wp-json\/wp\/v2\/pages\/5204","targetHints":{"allow":["GET"]}}],"collection":[{"href":"https:\/\/www.germanfootballfestival.com\/pl\/wp-json\/wp\/v2\/pages"}],"about":[{"href":"https:\/\/www.germanfootballfestival.com\/pl\/wp-json\/wp\/v2\/types\/page"}],"author":[{"embeddable":true,"href":"https:\/\/www.germanfootballfestival.com\/pl\/wp-json\/wp\/v2\/users\/3"}],"replies":[{"embeddable":true,"href":"https:\/\/www.germanfootballfestival.com\/pl\/wp-json\/wp\/v2\/comments?post=5204"}],"version-history":[{"count":3,"href":"https:\/\/www.germanfootballfestival.com\/pl\/wp-json\/wp\/v2\/pages\/5204\/revisions"}],"predecessor-version":[{"id":8358,"href":"https:\/\/www.germanfootballfestival.com\/pl\/wp-json\/wp\/v2\/pages\/5204\/revisions\/8358"}],"wp:attachment":[{"href":"https:\/\/www.germanfootballfestival.com\/pl\/wp-json\/wp\/v2\/media?parent=5204"}],"curies":[{"name":"wp","href":"https:\/\/api.w.org\/{rel}","templated":true}]}}