{"id":5212,"date":"2022-01-19T11:00:24","date_gmt":"2022-01-19T11:00:24","guid":{"rendered":"https:\/\/www.ostseecup.com\/?page_id=5212"},"modified":"2022-01-19T11:02:14","modified_gmt":"2022-01-19T11:02:14","slug":"agb","status":"publish","type":"page","link":"https:\/\/www.germanfootballfestival.com\/es\/agb\/","title":{"rendered":"Condiciones generales"},"content":{"rendered":"<div data-elementor-type=\"wp-page\" data-elementor-id=\"5212\" class=\"elementor elementor-5212\" data-elementor-post-type=\"page\">\n\t\t\t\t\t\t<section class=\"elementor-section elementor-top-section elementor-element elementor-element-ac7265d elementor-section-boxed elementor-section-height-default elementor-section-height-default\" data-id=\"ac7265d\" data-element_type=\"section\" data-settings=\"{&quot;jet_parallax_layout_list&quot;:[{&quot;jet_parallax_layout_image&quot;:{&quot;url&quot;:&quot;&quot;,&quot;id&quot;:&quot;&quot;,&quot;size&quot;:&quot;&quot;},&quot;_id&quot;:&quot;d36a454&quot;,&quot;jet_parallax_layout_image_tablet&quot;:{&quot;url&quot;:&quot;&quot;,&quot;id&quot;:&quot;&quot;,&quot;size&quot;:&quot;&quot;},&quot;jet_parallax_layout_image_mobile&quot;:{&quot;url&quot;:&quot;&quot;,&quot;id&quot;:&quot;&quot;,&quot;size&quot;:&quot;&quot;},&quot;jet_parallax_layout_speed&quot;:{&quot;unit&quot;:&quot;%&quot;,&quot;size&quot;:50,&quot;sizes&quot;:[]},&quot;jet_parallax_layout_type&quot;:&quot;scroll&quot;,&quot;jet_parallax_layout_direction&quot;:&quot;1&quot;,&quot;jet_parallax_layout_fx_direction&quot;:null,&quot;jet_parallax_layout_z_index&quot;:&quot;&quot;,&quot;jet_parallax_layout_bg_x&quot;:50,&quot;jet_parallax_layout_bg_x_tablet&quot;:&quot;&quot;,&quot;jet_parallax_layout_bg_x_mobile&quot;:&quot;&quot;,&quot;jet_parallax_layout_bg_y&quot;:50,&quot;jet_parallax_layout_bg_y_tablet&quot;:&quot;&quot;,&quot;jet_parallax_layout_bg_y_mobile&quot;:&quot;&quot;,&quot;jet_parallax_layout_bg_size&quot;:&quot;auto&quot;,&quot;jet_parallax_layout_bg_size_tablet&quot;:&quot;&quot;,&quot;jet_parallax_layout_bg_size_mobile&quot;:&quot;&quot;,&quot;jet_parallax_layout_animation_prop&quot;:&quot;transform&quot;,&quot;jet_parallax_layout_on&quot;:[&quot;desktop&quot;,&quot;tablet&quot;]}],&quot;background_background&quot;:&quot;classic&quot;}\">\n\t\t\t\t\t\t<div class=\"elementor-container elementor-column-gap-default\">\n\t\t\t\t\t<div class=\"elementor-column elementor-col-100 elementor-top-column elementor-element elementor-element-e5425d2\" data-id=\"e5425d2\" data-element_type=\"column\" data-settings=\"{&quot;background_background&quot;:&quot;classic&quot;}\">\n\t\t\t<div class=\"elementor-widget-wrap elementor-element-populated\">\n\t\t\t\t\t\t<div class=\"elementor-element elementor-element-11dfd8e elementor-widget elementor-widget-heading\" data-id=\"11dfd8e\" data-element_type=\"widget\" data-widget_type=\"heading.default\">\n\t\t\t\t<div class=\"elementor-widget-container\">\n\t\t\t\t\t<h1 class=\"elementor-heading-title elementor-size-default\">Condiciones generales<\/h1>\t\t\t\t<\/div>\n\t\t\t\t<\/div>\n\t\t\t\t<div class=\"elementor-element elementor-element-b8a7ed0 elementor-widget-divider--view-line elementor-widget elementor-widget-divider\" data-id=\"b8a7ed0\" data-element_type=\"widget\" data-widget_type=\"divider.default\">\n\t\t\t\t<div class=\"elementor-widget-container\">\n\t\t\t\t\t\t\t<div class=\"elementor-divider\">\n\t\t\t<span class=\"elementor-divider-separator\">\n\t\t\t\t\t\t<\/span>\n\t\t<\/div>\n\t\t\t\t\t\t<\/div>\n\t\t\t\t<\/div>\n\t\t\t\t<div class=\"elementor-element elementor-element-0516ef4 elementor-widget elementor-widget-text-editor\" data-id=\"0516ef4\" data-element_type=\"widget\" data-widget_type=\"text-editor.default\">\n\t\t\t\t<div class=\"elementor-widget-container\">\n\t\t\t\t\t\t\t\t\t<p><b>Condiciones generales de contrataci\u00f3n de BALLFREUNDE GmbH,\u00a0<\/b><\/p><p><b>en lo sucesivo denominada BALLFREUNDE.<\/b><b><\/b><\/p><p>\u00a0<\/p><ol><li><b>Inscripci\u00f3n, confirmaci\u00f3n<\/b><\/li><\/ol><p>1.1 Con su inscripci\u00f3n, usted ofrece a BALLFREUNDE la celebraci\u00f3n vinculante de un contrato de participaci\u00f3n en el evento deseado. El contrato se perfecciona cuando le confirmamos por escrito la reserva del evento. La confirmaci\u00f3n por correo electr\u00f3nico es suficiente. Los acuerdos telef\u00f3nicos y verbales s\u00f3lo ser\u00e1n vinculantes cuando los confirmemos por escrito.\u00a0<\/p><p>1.2 La inscripci\u00f3n la realiza el solicitante tambi\u00e9n para todos los participantes que figuran en la inscripci\u00f3n\/lista, de cuyas obligaciones contractuales responde el solicitante como de sus propias obligaciones.\u00a0<\/p><p>1.3 Con su inscripci\u00f3n usted acepta las reglas del torneo BALLFREUNDE.<\/p><ol start=\"2\"><li><b>Pago\u00a0<\/b><\/li><\/ol><p>2.1 La cuota de inscripci\u00f3n es pagadera en el momento de la inscripci\u00f3n y debe abonarse dentro del plazo de pago indicado en la factura. En principio, esta cuota no es reembolsable.<br \/>Se\u00f1alamos expresamente que la cuota de inscripci\u00f3n no ser\u00e1 reembolsada incluso si el evento es cancelado por una autoridad u otro tercero debido a un peligro del que BALLFREUNDE no es responsable. Lo mismo se aplica si la instalaci\u00f3n deportiva alquilada por BALLFREUNDE no puede ser utilizada por razones de las que BALLFREUNDE no es responsable.<\/p><p>2.2 La cuota de participaci\u00f3n deber\u00e1 abonarse seg\u00fan se indica en la factura enviada por correo, a m\u00e1s tardar ocho semanas antes del inicio de la manifestaci\u00f3n.<br \/><br \/>Las tasas en caso de cancelaci\u00f3n, tramitaci\u00f3n y cambio de reserva son pagaderas inmediatamente. Los importes correspondientes al dep\u00f3sito y al pago del saldo, as\u00ed como a la cancelaci\u00f3n, si procede, se desprenden de la confirmaci\u00f3n de la reserva. Los pagos deber\u00e1n efectuarse de una sola vez para todos los participantes inscritos, indicando el n\u00famero de factura facilitado.\u00a0<\/p><p>2.3 En caso de reservas con poca antelaci\u00f3n (a partir de ocho semanas antes del inicio del evento), el precio total del participante deber\u00e1 abonarse inmediatamente.<\/p><p>2.4 Si no se cumple la fecha de pago final, BALLFREUNDE podr\u00e1 rescindir el contrato de reserva existente tras un recordatorio infructuoso con un periodo de gracia y exigir tasas de rescisi\u00f3n como compensaci\u00f3n de acuerdo con la secci\u00f3n 4.2. La informaci\u00f3n final s\u00f3lo se entregar\u00e1 tras la recepci\u00f3n del pago final, pero como muy pronto 14 d\u00edas antes del inicio del evento.\u00a0<\/p><ol start=\"3\"><li><b>Potencia<\/b><\/li><\/ol><p>Los servicios a prestar por BALLFREUNDE resultan de la Informaci\u00f3n General. Las desviaciones de la misma requieren un acuerdo por escrito.<\/p><ol start=\"4\"><li><b>Retirada del participante o participantes, gastos de anulaci\u00f3n\u00a0<\/b><\/li><\/ol><p>4.1 Es posible retirarse de la participaci\u00f3n en cualquier momento antes del inicio del evento (teniendo en cuenta los posibles costes seg\u00fan la secci\u00f3n 4.2). La fecha de recepci\u00f3n de la notificaci\u00f3n de retirada por parte de BALLFREUNDE es determinante. La declaraci\u00f3n de retirada del evento debe realizarse por escrito. La cancelaci\u00f3n por correo electr\u00f3nico no es suficiente. Si un participante\/co-viajero se retira o si el viaje al evento no se inicia por razones (a excepci\u00f3n de los casos de fuerza mayor regulados en la cl\u00e1usula 10) de las que BALLFREUNDE no es responsable, BALLFREUNDE puede exigir una compensaci\u00f3n razonable por las gestiones realizadas y los gastos incurridos. A la hora de calcular la indemnizaci\u00f3n, se tendr\u00e1n en cuenta los gastos normalmente ahorrados y un uso alternativo normalmente posible de los servicios del evento. Usted tiene la libertad de demostrar que, en relaci\u00f3n con la cancelaci\u00f3n o no inicio del viaje, no se ha incurrido en ning\u00fan gasto o se ha incurrido en gastos significativamente inferiores a los gastos indicados por nosotros en la tarifa plana (v\u00e9ase 4.2).<\/p><p>4.2 Por regla general, en caso de retirada (tambi\u00e9n de personas individuales) del evento, adem\u00e1s de la tasa de tramitaci\u00f3n de 25,- euros por operaci\u00f3n de reserva, deber\u00e1n abonarse los siguientes costes:<\/p><ul><li aria-level=\"1\">hasta 90 d\u00edas antes del inicio del acto: sin gastos adicionales<\/li><li aria-level=\"1\">del 89\u00ba al 31\u00ba d\u00eda antes del inicio del evento: 40% del<br \/>Precio por participante (por persona)<\/li><li aria-level=\"1\">de 30 a 16 d\u00edas antes del inicio del evento: 60% del precio del participante (por persona)<\/li><li aria-level=\"1\">a partir del 15\u00ba d\u00eda anterior al inicio del evento: 90% del precio del participante (por persona)<\/li><li aria-level=\"1\">en caso de no presentarse al inicio del evento: 100% del precio del participante (por persona)<\/li><\/ul><p>4.3 Previa solicitud, BALLFREUNDE realizar\u00e1, siempre que sea posible, un cambio puntual del n\u00famero de personas de la reserva por 10% (redondeado al siguiente n\u00famero completo de personas) sin cargo alguno.\u00a0<\/p><p>Este reglamento s\u00f3lo se aplica hasta ocho semanas antes del inicio del evento.\u00a0<\/p><p>Para cualquier otro cambio en la confirmaci\u00f3n de la reserva, BALLFREUNDE se reserva el derecho de cobrar una tasa de tramitaci\u00f3n adicional de 25,-EUR por transacci\u00f3n.\u00a0<\/p><p>Los cambios en el n\u00famero de personas de la reserva en m\u00e1s de 10 % (redondeado al siguiente n\u00famero completo de personas) s\u00f3lo son posibles con el consentimiento de BALLFREUNDE.\u00a0<\/p><p>Lo mismo se aplica a los cambios en el n\u00famero de personas de la reserva en el plazo de ocho semanas hasta el inicio del evento.\u00a0<\/p><p>4.4 Las cancelaciones por parte de particulares pueden suponer la p\u00e9rdida de los descuentos\/precios de los paquetes para la Asociaci\u00f3n.\u00a0<\/p><p>4.5 BALLFREUNDE recomienda contratar un seguro de anulaci\u00f3n de viaje.<\/p><ol start=\"5\"><li><b>Retirada y rescisi\u00f3n por parte de BALLFREUNDE\u00a0<\/b><\/li><\/ol><p>5.1 Anulaci\u00f3n del torneo por fuerza mayor \/ Covid-19<\/p><p>BALLFREUNDE asume que todos los torneos tendr\u00e1n lugar como de costumbre. En el improbable caso de que esto no sea posible, BALLFREUNDE cancelar\u00e1 el torneo.<br \/>Una cancelaci\u00f3n tiene lugar precisamente cuando las autoridades competentes proh\u00edben la acogida, existe una prohibici\u00f3n de viajar o hay una alerta oficial de viaje para la regi\u00f3n en cuesti\u00f3n.<br \/>En este caso especial, BALLFREUNDE reembolsar\u00e1 sin demora la totalidad del precio pagado por el participante sin deducciones.<\/p><p>5.2 Conducta contraria al contrato<\/p><p>BALLFREUNDE podr\u00e1 rescindir el contrato sin previo aviso si el participante perturba de forma persistente la realizaci\u00f3n del evento a pesar de la advertencia de BALLFREUNDE o si se comporta de forma contraria al contrato hasta tal punto que se justifique la rescisi\u00f3n inmediata del contrato. Si BALLFREUNDE rescinde el contrato, BALLFREUNDE conservar\u00e1 el derecho a la cuota de participaci\u00f3n menos el valor de los gastos ahorrados, as\u00ed como los beneficios ahorrados resultantes de un uso alternativo de los servicios no utilizados.\u00a0<\/p><ol start=\"6\"><li><b>Gu\u00eda tur\u00edstico<\/b><\/li><\/ol><p>El grupo debe estar dirigido por tres personas adultas. Al menos tres adultos deber\u00e1n estar siempre presentes durante el evento para acompa\u00f1ar al grupo. El\/los responsable(s) del viaje ser\u00e1(n) responsable(s) de cualquier da\u00f1o causado por culpa de una o m\u00e1s personas del grupo a la propiedad de terceros con los que BALLFREUNDE tenga una relaci\u00f3n contractual (como propietarios de hoteles y empresas de transporte).\u00a0<\/p><ol start=\"7\"><li><b>Duraci\u00f3n del viaje<\/b><\/li><\/ol><p>La duraci\u00f3n del viaje se indica en d\u00edas enteros. El d\u00eda de llegada y el d\u00eda de regreso se consideran d\u00edas enteros.\u00a0<\/p><ol start=\"8\"><li><b>Normas de la casa<\/b><\/li><\/ol><p>En los alojamientos en los que existen normas de la casa, como escuelas, albergues juveniles, pero tambi\u00e9n hoteles, \u00e9stas deben respetarse.\u00a0<\/p><ol start=\"9\"><li><b>Programa deportivo<\/b><\/li><\/ol><p>El organizador y BALLFREUNDE se reservan el derecho de modificar el programa si existen razones justificadas para ello. BALLFREUNDE declina toda responsabilidad por la no ejecuci\u00f3n o ejecuci\u00f3n incompleta del programa como consecuencia de circunstancias ajenas a la voluntad de BALLFREUNDE.\u00a0<\/p><ol start=\"10\"><li><b>Responsabilidad, exclusi\u00f3n de reclamaciones y limitaci\u00f3n de acciones<\/b><\/li><\/ol><p>10.1 La responsabilidad contractual por da\u00f1os que no sean lesiones corporales se limita al triple del precio del participante (por persona), siempre que los da\u00f1os al participante no hayan sido causados intencionadamente ni por negligencia grave o que nosotros seamos los \u00fanicos responsables de los da\u00f1os sufridos por el participante por culpa de un proveedor de servicios. Tambi\u00e9n se aplicar\u00e1n a nuestro favor las disposiciones legales que limiten o excluyan la responsabilidad, basadas en acuerdos internacionales y a las que pueda acogerse un proveedor de servicios utilizado por nosotros. Para todas las reclamaciones por da\u00f1os extracontractuales contra BALLFREUNDE que no se basen en dolo o negligencia grave, la responsabilidad por da\u00f1os materiales se limita al importe de tres veces el precio del participante (por persona y evento).\u00a0<\/p><p>10.2 BALLFREUNDE no se hace responsable de las interrupciones del servicio, da\u00f1os personales y materiales en relaci\u00f3n con servicios de terceros meramente organizados y expresamente identificados como tales en el anuncio (por ejemplo, excursiones; tours, visitas a parques y otras instalaciones de ocio).\u00a0<\/p><p>10.3 Por regla general, BALLFREUNDE no ser\u00e1 responsable en caso de fuerza mayor.\u00a0<\/p><p>10.4 La participaci\u00f3n en deportes y otras actividades recreativas es responsabilidad de los participantes y compa\u00f1eros de viaje. Deber\u00e1 comprobar las instalaciones deportivas, el equipamiento y los veh\u00edculos antes de utilizarlos. BALLFREUNDE s\u00f3lo se hace responsable de los accidentes ocurridos durante eventos deportivos y otras actividades recreativas si la empresa es culpable. BALLFREUNDE recomienda contratar un seguro de accidentes.\u00a0<\/p><p>10.5 Cada participante\/co-viajero est\u00e1 obligado a cooperar en el marco de las disposiciones legales para evitar o minimizar cualquier da\u00f1o en caso de interrupciones en la ejecuci\u00f3n. Los defectos e interrupciones deber\u00e1n comunicarse inmediatamente al personal de BALLFREUNDE in situ, BALLFREUNDE recomienda la forma escrita. Si un participante\/co-viajero incumple esta obligaci\u00f3n por su propia culpa, no tendr\u00e1 derecho a ninguna reclamaci\u00f3n al respecto.<\/p><p>10.6 El personal de BALLFREUNDE in situ no est\u00e1 autorizado a aceptar reclamaciones de ning\u00fan tipo. Las reclamaciones de cualquier tipo deber\u00e1n presentarse al representante autorizado de la direcci\u00f3n de BALLFREUNDE in situ. BALLFREUNDE recomienda la forma escrita.\u00a0<\/p><p>10.7 Las reclamaciones por prestaciones no contractuales del evento reservado deber\u00e1n hacerse valer ante BALLFREUNDE en el plazo de un mes tras la finalizaci\u00f3n prevista contractualmente del evento. Recomendamos la forma escrita. Una vez vencido el plazo, s\u00f3lo podr\u00e1 hacer valer sus reclamaciones si se vio impedido de cumplir el plazo por causas ajenas a su voluntad. Sus reclamaciones derivadas de este contrato est\u00e1n sujetas a un plazo de prescripci\u00f3n de un a\u00f1o, apart\u00e1ndose expresamente de la normativa legal. El plazo de prescripci\u00f3n comienza el d\u00eda en que deber\u00eda finalizar el evento seg\u00fan el contrato.<\/p><ol start=\"11\"><li><b>Exclusi\u00f3n de la participaci\u00f3n<\/b><\/li><\/ol><p>Si se pone de manifiesto que un participante se comporta de forma tan acosadora que la relaci\u00f3n entre BALLFREUNDE y el proveedor de servicios (por ejemplo, transporte, alojamiento, organizador) se ve seriamente comprometida como consecuencia de ello, el participante en cuesti\u00f3n podr\u00e1 ser excluido. Si el participante excluido es menor de edad, la parte contratante deber\u00e1 asegurarse de que el participante excluido, acompa\u00f1ado por un adulto autorizado para supervisarlo, abandone inmediatamente el lugar del evento y sea devuelto al punto de inicio del viaje por su cuenta.<\/p><p>\u00a0<\/p><p>BALLFREUNDE prestar\u00e1 su ayuda, pero los costes adicionales correr\u00e1n a cargo de la parte contratante en todos los casos. Esta norma tambi\u00e9n se aplica a equipos y clubes. Si no hay tres supervisores adultos disponibles para el grupo restante para una mayor supervisi\u00f3n, el grupo en su conjunto deber\u00e1 abandonar el evento por su propia cuenta.\u00a0<\/p><ol start=\"12\"><li><b>General\u00a0<\/b><\/li><\/ol><p>Al inscribirse en un viaje, se presupone que la directiva del club participante y el\/los responsable(s) del viaje est\u00e1n de acuerdo con las condiciones generales del viaje y que todas las obligaciones con BALLFREUNDE son cumplidas por una persona autorizada para ello. Recomendamos contratar un seguro adecuado.\u00a0<\/p><ol start=\"13\"><li><b>Disposici\u00f3n final\u00a0<\/b><\/li><\/ol><p>Los t\u00e9rminos y condiciones se aplican a todos los acuerdos entre BALLFREUNDE y el socio contractual, independientemente de los domicilios de todas las partes implicadas y del lugar en el que se haya celebrado el contrato, as\u00ed como del lugar en el que se vaya a prestar el servicio. Todos los grupos que utilicen los servicios de BALLFREUNDE se equiparan a los clubes deportivos.<\/p>\t\t\t\t\t\t\t\t<\/div>\n\t\t\t\t<\/div>\n\t\t\t\t\t<\/div>\n\t\t<\/div>\n\t\t\t\t\t<\/div>\n\t\t<\/section>\n\t\t\t\t<\/div>","protected":false},"excerpt":{"rendered":"<p>Condiciones generales de contrataci\u00f3n Condiciones generales de contrataci\u00f3n de BALLFREUNDE GmbH, en lo sucesivo denominada BALLFREUNDE.   1. Inscripci\u00f3n, confirmaci\u00f3n 1.1 Con su inscripci\u00f3n usted hace una oferta vinculante a BALLFREUNDE para concluir un contrato de participaci\u00f3n en el evento deseado. El contrato se perfeccionar\u00e1 cuando le confirmemos por escrito la reserva del evento. Una confirmaci\u00f3n por correo electr\u00f3nico es suficiente. Tel\u00e9fono y verbal [...]<\/p>","protected":false},"author":3,"featured_media":0,"parent":0,"menu_order":0,"comment_status":"closed","ping_status":"closed","template":"elementor_header_footer","meta":{"footnotes":""},"class_list":["post-5212","page","type-page","status-publish","hentry"],"yoast_head":"<!-- This site is optimized with the Yoast SEO plugin v26.2 - https:\/\/yoast.com\/wordpress\/plugins\/seo\/ -->\n<title>Allgemeine Gesch\u00e4ftsbedingungen - germanfootballfestival.com<\/title>\n<meta name=\"robots\" content=\"index, follow, max-snippet:-1, max-image-preview:large, max-video-preview:-1\" \/>\n<link rel=\"canonical\" href=\"https:\/\/www.germanfootballfestival.com\/es\/agb\/\" \/>\n<meta property=\"og:locale\" content=\"es_ES\" \/>\n<meta property=\"og:type\" content=\"article\" \/>\n<meta property=\"og:title\" content=\"Allgemeine Gesch\u00e4ftsbedingungen - germanfootballfestival.com\" \/>\n<meta property=\"og:description\" content=\"Allgemeine Gesch\u00e4ftsbedingungen Allgemeine Gesch\u00e4ftsbedingungen der BALLFREUNDE GmbH,\u00a0 nachfolgend BALLFREUNDE genannt. \u00a0 Anmeldung, Best\u00e4tigung 1.1 Mit Ihrer Anmeldung bieten Sie BALLFREUNDE den Abschluss eines Vertrages zur Teilnahme an der gew\u00fcnschten Veranstaltung verbindlich an. Der Vertrag kommt zustande, wenn wir Ihnen die Buchung der Veranstaltung schriftlich best\u00e4tigen. Eine Best\u00e4tigung per E-Mail ist hierbei ausreichend. Telefonische und m\u00fcndliche [&hellip;]\" \/>\n<meta property=\"og:url\" content=\"https:\/\/www.germanfootballfestival.com\/es\/agb\/\" \/>\n<meta property=\"og:site_name\" content=\"germanfootballfestival.com\" \/>\n<meta property=\"article:modified_time\" content=\"2022-01-19T11:02:14+00:00\" \/>\n<meta name=\"twitter:card\" content=\"summary_large_image\" \/>\n<meta name=\"twitter:label1\" content=\"Tiempo de lectura\" \/>\n\t<meta name=\"twitter:data1\" content=\"8 minutos\" \/>\n<script type=\"application\/ld+json\" class=\"yoast-schema-graph\">{\"@context\":\"https:\/\/schema.org\",\"@graph\":[{\"@type\":\"WebPage\",\"@id\":\"https:\/\/www.germanfootballfestival.com\/es\/agb\/\",\"url\":\"https:\/\/www.germanfootballfestival.com\/es\/agb\/\",\"name\":\"Allgemeine Gesch\u00e4ftsbedingungen - germanfootballfestival.com\",\"isPartOf\":{\"@id\":\"https:\/\/www.germanfootballfestival.com\/#website\"},\"datePublished\":\"2022-01-19T11:00:24+00:00\",\"dateModified\":\"2022-01-19T11:02:14+00:00\",\"breadcrumb\":{\"@id\":\"https:\/\/www.germanfootballfestival.com\/es\/agb\/#breadcrumb\"},\"inLanguage\":\"es\",\"potentialAction\":[{\"@type\":\"ReadAction\",\"target\":[\"https:\/\/www.germanfootballfestival.com\/es\/agb\/\"]}]},{\"@type\":\"BreadcrumbList\",\"@id\":\"https:\/\/www.germanfootballfestival.com\/es\/agb\/#breadcrumb\",\"itemListElement\":[{\"@type\":\"ListItem\",\"position\":1,\"name\":\"Home\",\"item\":\"https:\/\/www.germanfootballfestival.com\/es\/\"},{\"@type\":\"ListItem\",\"position\":2,\"name\":\"Allgemeine Gesch\u00e4ftsbedingungen\"}]},{\"@type\":\"WebSite\",\"@id\":\"https:\/\/www.germanfootballfestival.com\/#website\",\"url\":\"https:\/\/www.germanfootballfestival.com\/\",\"name\":\"germanfootballfestival.com\",\"description\":\"A fantastic Football tournament in Dresdnen\",\"publisher\":{\"@id\":\"https:\/\/www.germanfootballfestival.com\/#organization\"},\"potentialAction\":[{\"@type\":\"SearchAction\",\"target\":{\"@type\":\"EntryPoint\",\"urlTemplate\":\"https:\/\/www.germanfootballfestival.com\/?s={search_term_string}\"},\"query-input\":{\"@type\":\"PropertyValueSpecification\",\"valueRequired\":true,\"valueName\":\"search_term_string\"}}],\"inLanguage\":\"es\"},{\"@type\":\"Organization\",\"@id\":\"https:\/\/www.germanfootballfestival.com\/#organization\",\"name\":\"germanfootballfestival.com\",\"url\":\"https:\/\/www.germanfootballfestival.com\/\",\"logo\":{\"@type\":\"ImageObject\",\"inLanguage\":\"es\",\"@id\":\"https:\/\/www.germanfootballfestival.com\/#\/schema\/logo\/image\/\",\"url\":\"https:\/\/www.germanfootballfestival.com\/wp-content\/uploads\/Logo_ohne_Datum.png\",\"contentUrl\":\"https:\/\/www.germanfootballfestival.com\/wp-content\/uploads\/Logo_ohne_Datum.png\",\"width\":1755,\"height\":1241,\"caption\":\"germanfootballfestival.com\"},\"image\":{\"@id\":\"https:\/\/www.germanfootballfestival.com\/#\/schema\/logo\/image\/\"}}]}<\/script>\n<!-- \/ Yoast SEO plugin. -->","yoast_head_json":{"title":"Allgemeine Gesch\u00e4ftsbedingungen - germanfootballfestival.com","robots":{"index":"index","follow":"follow","max-snippet":"max-snippet:-1","max-image-preview":"max-image-preview:large","max-video-preview":"max-video-preview:-1"},"canonical":"https:\/\/www.germanfootballfestival.com\/es\/agb\/","og_locale":"es_ES","og_type":"article","og_title":"Allgemeine Gesch\u00e4ftsbedingungen - germanfootballfestival.com","og_description":"Allgemeine Gesch\u00e4ftsbedingungen Allgemeine Gesch\u00e4ftsbedingungen der BALLFREUNDE GmbH,\u00a0 nachfolgend BALLFREUNDE genannt. \u00a0 Anmeldung, Best\u00e4tigung 1.1 Mit Ihrer Anmeldung bieten Sie BALLFREUNDE den Abschluss eines Vertrages zur Teilnahme an der gew\u00fcnschten Veranstaltung verbindlich an. Der Vertrag kommt zustande, wenn wir Ihnen die Buchung der Veranstaltung schriftlich best\u00e4tigen. Eine Best\u00e4tigung per E-Mail ist hierbei ausreichend. Telefonische und m\u00fcndliche [&hellip;]","og_url":"https:\/\/www.germanfootballfestival.com\/es\/agb\/","og_site_name":"germanfootballfestival.com","article_modified_time":"2022-01-19T11:02:14+00:00","twitter_card":"summary_large_image","twitter_misc":{"Tiempo de lectura":"8 minutos"},"schema":{"@context":"https:\/\/schema.org","@graph":[{"@type":"WebPage","@id":"https:\/\/www.germanfootballfestival.com\/es\/agb\/","url":"https:\/\/www.germanfootballfestival.com\/es\/agb\/","name":"Allgemeine Gesch\u00e4ftsbedingungen - germanfootballfestival.com","isPartOf":{"@id":"https:\/\/www.germanfootballfestival.com\/#website"},"datePublished":"2022-01-19T11:00:24+00:00","dateModified":"2022-01-19T11:02:14+00:00","breadcrumb":{"@id":"https:\/\/www.germanfootballfestival.com\/es\/agb\/#breadcrumb"},"inLanguage":"es","potentialAction":[{"@type":"ReadAction","target":["https:\/\/www.germanfootballfestival.com\/es\/agb\/"]}]},{"@type":"BreadcrumbList","@id":"https:\/\/www.germanfootballfestival.com\/es\/agb\/#breadcrumb","itemListElement":[{"@type":"ListItem","position":1,"name":"Home","item":"https:\/\/www.germanfootballfestival.com\/es\/"},{"@type":"ListItem","position":2,"name":"Allgemeine Gesch\u00e4ftsbedingungen"}]},{"@type":"WebSite","@id":"https:\/\/www.germanfootballfestival.com\/#website","url":"https:\/\/www.germanfootballfestival.com\/","name":"festivalf\u00fatbolalem\u00e1n.com","description":"Un fant\u00e1stico torneo de f\u00fatbol en Dresde","publisher":{"@id":"https:\/\/www.germanfootballfestival.com\/#organization"},"potentialAction":[{"@type":"SearchAction","target":{"@type":"EntryPoint","urlTemplate":"https:\/\/www.germanfootballfestival.com\/?s={search_term_string}"},"query-input":{"@type":"PropertyValueSpecification","valueRequired":true,"valueName":"search_term_string"}}],"inLanguage":"es"},{"@type":"Organization","@id":"https:\/\/www.germanfootballfestival.com\/#organization","name":"festivalf\u00fatbolalem\u00e1n.com","url":"https:\/\/www.germanfootballfestival.com\/","logo":{"@type":"ImageObject","inLanguage":"es","@id":"https:\/\/www.germanfootballfestival.com\/#\/schema\/logo\/image\/","url":"https:\/\/www.germanfootballfestival.com\/wp-content\/uploads\/Logo_ohne_Datum.png","contentUrl":"https:\/\/www.germanfootballfestival.com\/wp-content\/uploads\/Logo_ohne_Datum.png","width":1755,"height":1241,"caption":"germanfootballfestival.com"},"image":{"@id":"https:\/\/www.germanfootballfestival.com\/#\/schema\/logo\/image\/"}}]}},"_links":{"self":[{"href":"https:\/\/www.germanfootballfestival.com\/es\/wp-json\/wp\/v2\/pages\/5212","targetHints":{"allow":["GET"]}}],"collection":[{"href":"https:\/\/www.germanfootballfestival.com\/es\/wp-json\/wp\/v2\/pages"}],"about":[{"href":"https:\/\/www.germanfootballfestival.com\/es\/wp-json\/wp\/v2\/types\/page"}],"author":[{"embeddable":true,"href":"https:\/\/www.germanfootballfestival.com\/es\/wp-json\/wp\/v2\/users\/3"}],"replies":[{"embeddable":true,"href":"https:\/\/www.germanfootballfestival.com\/es\/wp-json\/wp\/v2\/comments?post=5212"}],"version-history":[{"count":4,"href":"https:\/\/www.germanfootballfestival.com\/es\/wp-json\/wp\/v2\/pages\/5212\/revisions"}],"predecessor-version":[{"id":5216,"href":"https:\/\/www.germanfootballfestival.com\/es\/wp-json\/wp\/v2\/pages\/5212\/revisions\/5216"}],"wp:attachment":[{"href":"https:\/\/www.germanfootballfestival.com\/es\/wp-json\/wp\/v2\/media?parent=5212"}],"curies":[{"name":"wp","href":"https:\/\/api.w.org\/{rel}","templated":true}]}}